{"id":49,"date":"2018-04-13T03:56:25","date_gmt":"2018-04-13T03:56:25","guid":{"rendered":"http:\/\/nuboservice.com\/index.php\/mesmerize\/"},"modified":"2025-04-01T13:35:17","modified_gmt":"2025-04-01T18:35:17","slug":"mesmerize","status":"publish","type":"page","link":"https:\/\/www.nuboservice.com\/","title":{"rendered":"Inicio"},"content":{"rendered":"<div  id=\"overlappable-4\" style=\"background-color: #ffffff;\" data-label=\"Overlappable\" data-id=\"overlappable-4\" data-export-id=\"overlappable-4\" data-category=\"overlappable\" class=\"overlappable-4 content-section content-section-spacing\" data-overlap=\"true\"> <div  class=\"gridContainer\"> <div  data-type=\"row\" class=\"row spaced-cols text-center center-sm\">  <div  class=\"col-xs-12 col-sm-4 col-padding\"> <i  class=\"fa icon shadow-large-black aligncenter color1 fa-files-o reverse round large\"> <\/i> <div  data-type=\"column\" class=\"\"> <h5  class=\"\">BACKUP<\/h5> <p  class=\"\">Realice sus copias de seguridad de forma r\u00e1pida y segura. Su informaci\u00f3n estar\u00e1 segura mediante poderosos algoritmos de encriptaci\u00f3n.<\/p> <\/div> <\/div> <div  class=\"col-xs-12 col-sm-4 col-padding\"> <i  class=\"fa icon shadow-large-black aligncenter color1 fa-cubes reverse round large\"> <\/i> <div  data-type=\"column\" class=\"\"> <h5  class=\"\">VPC \u2013 IAAS<\/h5> <p  class=\"\">No pague m\u00e1s por sus recursos computacionales, por el mantenimiento de maquinas f\u00edsicas y por la estabilidad de los mismos.<br >Infraestructura Como Servicio (IAAS) y Nube Privada Virtual (VPC) son las soluciones que busca para abaratar los costos de su operaci\u00f3n.<\/p> <\/div> <\/div> <div  class=\"col-xs-12 col-sm-4 col-padding\"> <i  class=\"fa icon shadow-large-black aligncenter color1 fa-group reverse round large\"> <\/i> <div  data-type=\"column\" class=\"\"> <h5  class=\"\">GROUPWARE<\/h5> <p  class=\"\">Disfrute de una herramienta de colaboraci\u00f3n completa: E-mail, Chat, Programador de Tareas y Calendario.<br >Todo en un solo lugar, aplicaci\u00f3n web y aplicaciones para sus dispositivos moviles.<\/p> <\/div> <\/div><div  class=\"col-xs-12 col-sm-4 col-padding\"> <i  class=\"fa icon shadow-large-black aligncenter color1 fa-universal-access reverse round large\"> <\/i> <div  data-type=\"column\" class=\"\"> <h5  class=\"\">TRABAJO REMOTO<\/h5> <p  class=\"\">Lleva tu oficina a todas partes, para que t\u00fa y tus colaboradores puedan ser productivos de forma segura y desde cualquier lugar. Tu extensi\u00f3n telef\u00f3nica, los archivos compartidos y aplicaciones web o basadas en Windows.<\/p> <\/div> <\/div><\/div> <\/div> <\/div><div  id=\"somos-geniales\" style=\"background-color: #ffffff;\" data-label=\"Somos geniales\" data-id=\"features-12-card-bordered\" data-export-id=\"features-12-card-bordered\" data-category=\"features\" class=\"features-12-card-bordered content-section content-section-spacing \"> <div  class=\"gridContainer\"> <div  class=\"row text-center\"> <div  class=\"section-title-col\" data-type=\"column\"> <h2  class=\"\"> Algunas cosas en las que somos geniales <\/h2> <p  class=\"lead\">No somos una nube cualquiera, no somos de esas gigantes, con infinitas opciones, con costos imprevistos, con apatia al cliente y a sus verdaderas necesidades.<\/p> <\/div> <\/div> <div  class=\"row spaced-cols\" data-type=\"row\"> <div  class=\"col-sm-6\"> <div  class=\"card row-card bordered y-move\"> <div  class=\"row\"> <div  class=\"col-sm-fit icon-column\"> <i  class=\"fa icon color2 fa-handshake-o bordered round\"> <\/i> <\/div> <div  class=\"col-sm\" data-type=\"column\"> <h5  class=\"color2\">LOS AMIGOS Y ALIADOS<\/h5> <p  class=\"\">\n<br >Al entender tus necesidades podemos hacer un paquete para ti, sin cobros excesivos u oblig\u00e1ndote a adquirir cosas que no necesitas. Nuestros datacenters est\u00e1n a tu servicio no al contrario.<\/p> <\/div> <\/div> <\/div> <\/div> <div  class=\"col-sm-6\"> <div  class=\"card row-card bordered y-move\"> <div  class=\"row\"> <div  class=\"col-sm-fit icon-column\"> <i  class=\"fa icon fa-codepen round bordered color2\"> <\/i> <\/div> <div  class=\"col-sm\" data-type=\"column\"> <h5  class=\"color2\">SOMOS ADAPTABLES<\/h5> <p  class=\"\">Nos integramos a tu infraestructura actual, sin requerimientos excesivos. Reusamos tus licencias para evitar sobrecostos. Te ayudamos a migrar a tecnolog\u00edas de c\u00f3digo abierto para disminuir tus gastos operacionales.<\/p> <\/div> <\/div> <\/div> <\/div> <div  class=\"col-sm-6\"> <div  class=\"card row-card bordered y-move\"> <div  class=\"row\"> <div  class=\"col-sm-fit icon-column\"> <i  class=\"fa icon color2 fa-signal bordered round\"> <\/i> <\/div> <div  class=\"col-sm\" data-type=\"column\"> <h5  class=\"color2\">CRECEMOS CONTIGO<\/h5> <p  class=\"\">\n<br >Si necesitas m\u00e1s te entregamos m\u00e1s. En solo unos segundos multiplicamos tus recursos y te ayudamos a gestionarlos. \u00bfM\u00e1s almacenamiento, mayor capacidad de preprocesamiento o balancear las cargas? \n<br >\u00a1No es problema!<\/p> <\/div> <\/div> <\/div> <\/div> <div  class=\"col-sm-6\"> <div  class=\"card row-card bordered y-move\"> <div  class=\"row\"> <div  class=\"col-sm-fit icon-column\"> <i  class=\"fa icon fa-database round bordered color2\"> <\/i> <\/div> <div  class=\"col-sm\" data-type=\"column\"> <h5  class=\"color2\">TUS DATOS SEGUROS<\/h5> <p  class=\"\">Te ayudamos a realizar copias de seguridad de cualquier tipo. Maquinas Virtuales, Archivos, Bases de datos, etc.<br >Dise\u00f1amos un esquema de backup que puedas monitorear y te acompa\u00f1amos durante la recuperaci\u00f3n de un desastre.\n<br >\u00a1No estar\u00e1s solo!<\/p> <\/div> <\/div> <\/div> <\/div> <\/div> <\/div> <\/div><div  id=\"conten\" style=\"background-color: #f5fafd;\" data-label=\"Conten\" data-id=\"content-2\" data-export-id=\"content-2\" data-category=\"content\" class=\"content-2 content-section content-section-spacing\"> <div > <div  class=\"row middle-xs\"> <div  class=\"col-sm-5 bg-image shadow-large-black\" data-bg=\"image\"> <\/div> <div  class=\"col-sm-7 full-col-left-padding full-col-right-padding\"> <div  class=\"row\"> <div  data-type=\"column\" class=\"space-bottom-small content-title-col\"> <h5  class=\"\">LO QUE NOS CARACTERIZA<\/h5> <h2  class=\"\">La \u00e9tica de nuestro trabajo<\/h2> <p  class=\"\">Todo nuestro conocimiento ha sido desarrollado en m\u00e1s de 12 a\u00f1os de trabajo arduo en el mercado dedicados a la integraci\u00f3n de tecnolog\u00edas de la informaci\u00f3n y la comunicaci\u00f3n (TIC) en aspectos claves para las organizaciones.<\/p> <\/div> <\/div> <div  class=\"row spaced-cols \" data-type=\"row\"> <div  class=\"col-xs-6\" data-type=\"column\"> <h5  class=\"\">SEGURIDAD<\/h5> <p  class=\"\">Protegemos y preservamos su informaci\u00f3n, obteniendo el mejor provecho de su presupuesto para alcanzar sus objetivos.<\/p> <\/div> <div  class=\"col-xs-6\" data-type=\"column\"> <h5  class=\"\">CONOCIMIENTO<\/h5> <p  class=\"\">Poseemos una unidad de soporte y mantenimiento sistematizada, y realizamos una administraci\u00f3n efectiva de su inventario de TI.<\/p> <\/div> <div  class=\"col-xs-6\" data-type=\"column\"> <h5  class=\"\">EXPERIENCIA<\/h5> <p  class=\"\">Amplia experiencia que nos permite garantizar nuestros servicios.<\/p> <\/div>  <div  class=\"col-xs-6\" data-type=\"column\"> <h5  class=\"\">HONESTIDAD<\/h5> <p  class=\"\">Ser honesto es llenar las espectativas sin desbordar el costo. <\/p> <\/div><\/div> <\/div> <\/div> <\/div> <\/div><div  id=\"testimonios\" style=\"background-color: #ffffff;\" data-label=\"Testimonios\" data-id=\"testimonials-5\" data-export-id=\"testimonials-5\" data-category=\"testimonials\" class=\"testimonials-5 content-section content-section-spacing\"> <div  class=\"gridContainer\"> <div  class=\"row\"> <div  data-type=\"column\" class=\"section-title-col\"> <h2  class=\"\">Testimonios de Nuestros Clientes <\/h2> <p  class=\"lead\">No conf\u00ede en nuestra palabra&nbsp;\u2013 esto es lo que dicen nuestros clientes: <\/p> <\/div> <\/div> <div  class=\"row spaced-cols content-center-sm\" data-type=\"row\"> <div  class=\"col-sm-4\"> <div  class=\"card y-move bordered\" data-type=\"column\"> <i  class=\"fa fa-quote-right icon color1 small\"><\/i> <p  class=\"text-center\">Somos una empresa con m\u00e1s de 20 a\u00f1os de existencia. Nuestros problemas de TI eran una carga, hasta hace 6 a\u00f1os que decidimos migrarnos a a Nubo Service en el modelo de Infraestructura Como Servicio (IAAS). \u00a1Estamos felices!<\/p> <img  decoding=\"async\" src=\"https:\/\/www.nuboservice.com\/wp-content\/uploads\/2025\/04\/avatar-svgrepo-com-2.svg\" class=\"round icon\" title=\"avatar-svgrepo-com (2)\" alt=\"\"> <h6  class=\"\">Paula Andrea \n<br >CEO<\/h6> <p  class=\"small italic\">Asesorautos<\/p> <\/div> <\/div> <div  class=\"col-sm-4\"> <div  class=\"card y-move bordered\" data-type=\"column\"> <i  class=\"fa fa-quote-right icon color1 small\"><\/i> <p  class=\"text-center\">Nuestra informaci\u00f3n es primordial para la atenci\u00f3n de nuestros clientes; requeriamos que nuestros datos estuvieran protegidos.\n\n\n<br >Despues del dise\u00f1o del backup redundante local y en los datacenters de Nubo Service nos sentimos respaldados<\/p> <img  decoding=\"async\" src=\"https:\/\/www.nuboservice.com\/wp-content\/uploads\/2025\/04\/avatar-svgrepo-com-1.svg\" class=\"round icon\" title=\"avatar-svgrepo-com (1)\" alt=\"\"> <h6  class=\"\">Katty Londo\u00f1o\n<br >Gerente de TI<\/h6> <p  class=\"small italic\">Promotecno<\/p> <\/div> <\/div> <div  class=\"col-sm-4\"> <div  class=\"card y-move bordered\" data-type=\"column\"> <i  class=\"fa fa-quote-right icon color1 small\"><\/i> <p  class=\"text-center\">Somos uan empresa dedicada a la construcci\u00f3n y decoraci\u00f3n de interiores. Nuestra operaci\u00f3n est\u00e1 centrada en Atlanta EEUU.\n<br >Confiamos en los servicios de correo elctr\u00f3nico y groupware para mantener la comunicaic\u00f3n con nuestros clientes. <\/p> <img  decoding=\"async\" src=\"https:\/\/www.nuboservice.com\/wp-content\/uploads\/2025\/04\/avatar-svgrepo-com.svg\" class=\"round icon\" title=\"avatar-svgrepo-com\" alt=\"\"> <h6  class=\"\">Maria \n<br >CEO<\/h6> <p  class=\"small italic\">Maison Maluee<\/p> <\/div> <\/div> <\/div> <\/div> <\/div><div  id=\"cta-1\" data-label=\"Cta\" data-id=\"cta-blue-section\" data-export-id=\"cta-blue-section\" data-category=\"cta\" class=\"cta-blue-section content-section content-section-spacing-medium bg-color1 white-text\"> <div  class=\"gridContainer\"> <div  class=\"row middle-xs\"> <div  class=\"col-sm-8 space-bottom-xs\" data-type=\"column\"> <h2  class=\"\"> \u00a1Libera el poder de la nube con solo un click!<span  class=\"font-300\"> Solo te tomar\u00e1 un minuto<\/span> <\/h2> <\/div> <div  class=\"col-sm-4 end-sm\" data-type=\"column\"> <a  class=\"button color2\" href=\"#\" target=\"_self\" data-cp-link=\"1\" rel=\"noopener\"> COMIENZA HOY <\/a> <\/div> <\/div> <\/div> <\/div><div  id=\"contactanos\" data-label=\"Contactanos\" data-id=\"contact-1\" data-export-id=\"contact-1\" data-category=\"contact\" class=\"contact-1 content-section content-section-spacing white-text\" data-parallax-depth=\"20\"> <div  class=\"gridContainer\"> <div  class=\"row text-center\"> <div  class=\"section-title-col\" data-type=\"column\"> <h2  class=\"\"> Contactanos<\/h2> <p  class=\"lead\"> With the Internet spreading linke wildfire and reaching every part of our daily life, more and more traffic is directed to websites in search for information. <\/p> <\/div> <\/div> <div  class=\"row text-center\"> <div  class=\"col-xs-12 col-sm-8 col-sm-offset-2 contact-form-wrapper inline-info\"> <div  class=\"card large-padding\"> <div  class=\"\" data-content-shortcode=\"mesmerize_contact_form shortcode=&quot;contact-form-7 id=&amp;amp;quot;62b260d&amp;amp;quot; title=&amp;amp;quot;Contact form 1&amp;amp;quot;&quot;\" data-editable=\"true\">\n<div class=\"wpcf7 no-js\" id=\"wpcf7-f11-o1\" lang=\"es-CO\" dir=\"ltr\" data-wpcf7-id=\"11\">\n<div class=\"screen-reader-response\"><p role=\"status\" aria-live=\"polite\" aria-atomic=\"true\"><\/p> <ul><\/ul><\/div>\n<form action=\"\/index.php\/wp-json\/wp\/v2\/pages\/49#wpcf7-f11-o1\" method=\"post\" class=\"wpcf7-form init\" aria-label=\"Formulario de contacto\" novalidate=\"novalidate\" data-status=\"init\">\n<div style=\"display: none;\">\n<input type=\"hidden\" name=\"_wpcf7\" value=\"11\" \/>\n<input type=\"hidden\" name=\"_wpcf7_version\" value=\"6.0.6\" \/>\n<input type=\"hidden\" name=\"_wpcf7_locale\" value=\"es_CO\" \/>\n<input type=\"hidden\" name=\"_wpcf7_unit_tag\" value=\"wpcf7-f11-o1\" \/>\n<input type=\"hidden\" name=\"_wpcf7_container_post\" value=\"0\" \/>\n<input type=\"hidden\" name=\"_wpcf7_posted_data_hash\" value=\"\" \/>\n<input type=\"hidden\" name=\"_wpcf7_recaptcha_response\" value=\"\" \/>\n<\/div>\n<p><label> Tu Nombre (requerido)<br \/>\n<span class=\"wpcf7-form-control-wrap\" data-name=\"your-name\"><input size=\"40\" maxlength=\"400\" class=\"wpcf7-form-control wpcf7-text wpcf7-validates-as-required\" aria-required=\"true\" aria-invalid=\"false\" value=\"\" type=\"text\" name=\"your-name\" \/><\/span> <\/label>\n<\/p>\n<p><label> Tu E-mail (requerido)<br \/>\n<span class=\"wpcf7-form-control-wrap\" data-name=\"your-email\"><input size=\"40\" maxlength=\"400\" class=\"wpcf7-form-control wpcf7-email wpcf7-validates-as-required wpcf7-text wpcf7-validates-as-email\" aria-required=\"true\" aria-invalid=\"false\" value=\"\" type=\"email\" name=\"your-email\" \/><\/span> <\/label>\n<\/p>\n<p><label> Asunto<br \/>\n<span class=\"wpcf7-form-control-wrap\" data-name=\"your-subject\"><input size=\"40\" maxlength=\"400\" class=\"wpcf7-form-control wpcf7-text\" aria-invalid=\"false\" value=\"\" type=\"text\" name=\"your-subject\" \/><\/span> <\/label>\n<\/p>\n<p><label> Tu Mensaje<br \/>\n<span class=\"wpcf7-form-control-wrap\" data-name=\"your-message\"><textarea cols=\"40\" rows=\"10\" maxlength=\"2000\" class=\"wpcf7-form-control wpcf7-textarea\" aria-invalid=\"false\" name=\"your-message\"><\/textarea><\/span> <\/label>\n<\/p>\n<p><input class=\"wpcf7-form-control wpcf7-submit has-spinner\" type=\"submit\" value=\"Send\" \/>\n<\/p><div class=\"wpcf7-response-output\" aria-hidden=\"true\"><\/div>\n<\/form>\n<\/div>\n<\/div> <\/div> <\/div> <\/div> <\/div> <\/div>","protected":false},"excerpt":{"rendered":"<p>BACKUP Realice sus copias de seguridad de forma r\u00e1pida y segura. Su informaci\u00f3n estar\u00e1 segura mediante poderosos algoritmos de encriptaci\u00f3n. VPC \u2013 IAAS No pague m\u00e1s por sus recursos computacionales, por el mantenimiento de maquinas f\u00edsicas y por la estabilidad de los mismos.Infraestructura Como Servicio (IAAS) y Nube Privada Virtual (VPC) son las soluciones que&hellip; <br \/> <a class=\"read-more\" href=\"https:\/\/www.nuboservice.com\/\">Leer m\u00e1s<\/a><\/p>\n","protected":false},"author":1,"featured_media":0,"parent":0,"menu_order":0,"comment_status":"closed","ping_status":"closed","template":"page-templates\/homepage.php","meta":{"inline_featured_image":false,"footnotes":""},"class_list":["post-49","page","type-page","status-publish","hentry"],"_links":{"self":[{"href":"https:\/\/www.nuboservice.com\/index.php\/wp-json\/wp\/v2\/pages\/49","targetHints":{"allow":["GET"]}}],"collection":[{"href":"https:\/\/www.nuboservice.com\/index.php\/wp-json\/wp\/v2\/pages"}],"about":[{"href":"https:\/\/www.nuboservice.com\/index.php\/wp-json\/wp\/v2\/types\/page"}],"author":[{"embeddable":true,"href":"https:\/\/www.nuboservice.com\/index.php\/wp-json\/wp\/v2\/users\/1"}],"replies":[{"embeddable":true,"href":"https:\/\/www.nuboservice.com\/index.php\/wp-json\/wp\/v2\/comments?post=49"}],"version-history":[{"count":29,"href":"https:\/\/www.nuboservice.com\/index.php\/wp-json\/wp\/v2\/pages\/49\/revisions"}],"predecessor-version":[{"id":174,"href":"https:\/\/www.nuboservice.com\/index.php\/wp-json\/wp\/v2\/pages\/49\/revisions\/174"}],"wp:attachment":[{"href":"https:\/\/www.nuboservice.com\/index.php\/wp-json\/wp\/v2\/media?parent=49"}],"curies":[{"name":"wp","href":"https:\/\/api.w.org\/{rel}","templated":true}]}}